{"id":45,"date":"2023-04-23T15:14:22","date_gmt":"2023-04-23T15:14:22","guid":{"rendered":"https:\/\/sps-wernetshausen.ch\/?page_id=45"},"modified":"2024-11-03T07:36:56","modified_gmt":"2024-11-03T07:36:56","slug":"vorstand","status":"publish","type":"page","link":"https:\/\/sps-wernetshausen.ch\/?page_id=45","title":{"rendered":"Vorstand"},"content":{"rendered":"\n<figure class=\"wp-block-table\"><table><tbody><tr><td>Pr\u00e4sident<\/td><td>Urs Wolfensberger, 079 236 42 70, <a href=\"mailto:wolfibaer@bluewin.ch\">wolfibaer@bluewin.ch<\/a><\/td><\/tr><tr><td>Aktuar<\/td><td>Roman Brunner, 078 904 82 82, <a href=\"mailto:roman.brunner@gloorplanzer.ch\">roman.brunner@gloorplanzer.ch<\/a><\/td><\/tr><tr><td>Kassier<\/td><td>Kevin Schoch, 076 382 99 98, <a href=\"mailto:kevin-s91@hotmail.com\">kevin-s91@hotmail.com<\/a><\/td><\/tr><tr><td>Sch\u00fctzenmeister<\/td><td>Walter Duss, 044 937 44 49, <a href=\"mailto:walter.duss@bluewin.ch\">walter.duss@bluewin.ch<\/a><\/td><\/tr><tr><td>H\u00fcttenwartin<\/td><td>K\u00e4thi Maag, 076 548 46 11, <a href=\"mailto:kaethimaag@bluewin.ch\">kaethimaag@bluewin.ch<\/a><\/td><\/tr><\/tbody><\/table><\/figure>\n\n\n\n<div data-wp-interactive=\"core\/file\" class=\"wp-block-file\"><object data-wp-bind--hidden=\"!state.hasPdfPreview\" hidden class=\"wp-block-file__embed\" data=\"https:\/\/sps-wernetshausen.ch\/wp-content\/uploads\/2023\/10\/STATUTEN-SSW-1.pdf\" type=\"application\/pdf\" style=\"width:100%;height:600px\" aria-label=\"Einbettung von STATUTEN SSW.\"><\/object><a id=\"wp-block-file--media-f29b588e-f89e-4286-ba74-b951383a341e\" href=\"https:\/\/sps-wernetshausen.ch\/wp-content\/uploads\/2023\/10\/STATUTEN-SSW-1.pdf\">STATUTEN SSW<\/a><a href=\"https:\/\/sps-wernetshausen.ch\/wp-content\/uploads\/2023\/10\/STATUTEN-SSW-1.pdf\" class=\"wp-block-file__button wp-element-button\" download aria-describedby=\"wp-block-file--media-f29b588e-f89e-4286-ba74-b951383a341e\">Herunterladen<\/a><\/div>\n","protected":false},"excerpt":{"rendered":"<p>Pr\u00e4sident Urs Wolfensberger, 079 236 42 70, wolfibaer@bluewin.ch Aktuar Roman Brunner, 078 904 82 82, roman.brunner@gloorplanzer.ch Kassier Kevin Schoch, 076 382 99 98, kevin-s91@hotmail.com Sch\u00fctzenmeister Walter Duss, 044 937 44 49, walter.duss@bluewin.ch H\u00fcttenwartin K\u00e4thi Maag, 076 548 46 11, kaethimaag@bluewin.ch<\/p>\n","protected":false},"author":2,"featured_media":0,"parent":0,"menu_order":0,"comment_status":"closed","ping_status":"closed","template":"","meta":{"footnotes":""},"class_list":["post-45","page","type-page","status-publish","hentry"],"jetpack_sharing_enabled":true,"_links":{"self":[{"href":"https:\/\/sps-wernetshausen.ch\/index.php?rest_route=\/wp\/v2\/pages\/45","targetHints":{"allow":["GET"]}}],"collection":[{"href":"https:\/\/sps-wernetshausen.ch\/index.php?rest_route=\/wp\/v2\/pages"}],"about":[{"href":"https:\/\/sps-wernetshausen.ch\/index.php?rest_route=\/wp\/v2\/types\/page"}],"author":[{"embeddable":true,"href":"https:\/\/sps-wernetshausen.ch\/index.php?rest_route=\/wp\/v2\/users\/2"}],"replies":[{"embeddable":true,"href":"https:\/\/sps-wernetshausen.ch\/index.php?rest_route=%2Fwp%2Fv2%2Fcomments&post=45"}],"version-history":[{"count":6,"href":"https:\/\/sps-wernetshausen.ch\/index.php?rest_route=\/wp\/v2\/pages\/45\/revisions"}],"predecessor-version":[{"id":158,"href":"https:\/\/sps-wernetshausen.ch\/index.php?rest_route=\/wp\/v2\/pages\/45\/revisions\/158"}],"wp:attachment":[{"href":"https:\/\/sps-wernetshausen.ch\/index.php?rest_route=%2Fwp%2Fv2%2Fmedia&parent=45"}],"curies":[{"name":"wp","href":"https:\/\/api.w.org\/{rel}","templated":true}]}}