{"id":2,"date":"2023-04-21T05:37:49","date_gmt":"2023-04-21T05:37:49","guid":{"rendered":"https:\/\/sps-wernetshausen.ch\/?page_id=2"},"modified":"2023-09-15T18:39:53","modified_gmt":"2023-09-15T18:39:53","slug":"sample-page","status":"publish","type":"page","link":"https:\/\/sps-wernetshausen.ch\/?page_id=2","title":{"rendered":"\u00dcber Uns"},"content":{"rendered":"\n<p>Gegr\u00fcndet 1985 mit dem Ziel:<\/p>\n\n\n\n<ul class=\"wp-block-list\">\n<li>Pflege der Kameradschaft und des sportlichen Schiessens<\/li>\n<\/ul>\n\n\n\n<ul class=\"wp-block-list\">\n<li>F\u00f6rderung und Ausbildung von Jugendlichen<\/li>\n<\/ul>\n\n\n\n<ul class=\"wp-block-list\">\n<li>Teilnahme an kantonalen und eidgen\u00f6ssischen Wettk\u00e4mpfen<\/li>\n<\/ul>\n\n\n\n<p>Seit Januar 1989 sind wir im eigenen Sch\u00fctzenhaus an der Sackstrasse. Wir konnten vom MSV am Bachtel das alte 300m-Sch\u00fctzenhaus g\u00fcnstig \u00fcbernehmen, und haben es dann (auch mit vielen Frondienststunden) umgebaut.<\/p>\n\n\n\n<p>Die Anlage ist unter dem Dach mit 6 Zugscheiben ausger\u00fcstet. Im Parterre haben wir eine Sch\u00fctzenstube mit 40 Sitzpl\u00e4tzen (kann gemietet werden).<\/p>\n\n\n\n<p>Wir betreiben das sportliche Schiessen auf die 10m-Distanz mit Luftgewehren und Pistolen. Es ist wirklich Sport! Um gute Resultate zu erreichen ist eine gute k\u00f6rperliche Verfassung n\u00f6tig und zudem braucht es eine sehr gute Konzentrationsf\u00e4higkeit. Wettk\u00e4mpfe in den Stellungen liegend, stehend und kniend dauern bis zu 4 Stunden. Jeder Fehler ergibt Minuspunkte, die auch bei besten nachfolgenden Treffern nie mehr aufgeholt werden k\u00f6nnen.<\/p>\n\n\n\n<p>Untersuchungen haben ergeben, dass Jugendliche, die unseren Sport intensiv betreiben auch sehr gute Sch\u00fcler sind.<\/p>\n","protected":false},"excerpt":{"rendered":"<p>Gegr\u00fcndet 1985 mit dem Ziel: Seit Januar 1989 sind wir im eigenen Sch\u00fctzenhaus an der Sackstrasse. Wir konnten vom MSV am Bachtel das alte 300m-Sch\u00fctzenhaus g\u00fcnstig \u00fcbernehmen, und haben es dann (auch mit vielen Frondienststunden) umgebaut. Die Anlage ist unter dem Dach mit 6 Zugscheiben ausger\u00fcstet. Im Parterre haben wir eine Sch\u00fctzenstube mit 40 Sitzpl\u00e4tzen&hellip; <br \/> <a class=\"read-more\" href=\"https:\/\/sps-wernetshausen.ch\/?page_id=2\">Weiterlesen<\/a><\/p>\n","protected":false},"author":1,"featured_media":70,"parent":0,"menu_order":0,"comment_status":"closed","ping_status":"closed","template":"","meta":{"footnotes":""},"class_list":["post-2","page","type-page","status-publish","has-post-thumbnail","hentry"],"jetpack_sharing_enabled":true,"_links":{"self":[{"href":"https:\/\/sps-wernetshausen.ch\/index.php?rest_route=\/wp\/v2\/pages\/2","targetHints":{"allow":["GET"]}}],"collection":[{"href":"https:\/\/sps-wernetshausen.ch\/index.php?rest_route=\/wp\/v2\/pages"}],"about":[{"href":"https:\/\/sps-wernetshausen.ch\/index.php?rest_route=\/wp\/v2\/types\/page"}],"author":[{"embeddable":true,"href":"https:\/\/sps-wernetshausen.ch\/index.php?rest_route=\/wp\/v2\/users\/1"}],"replies":[{"embeddable":true,"href":"https:\/\/sps-wernetshausen.ch\/index.php?rest_route=%2Fwp%2Fv2%2Fcomments&post=2"}],"version-history":[{"count":3,"href":"https:\/\/sps-wernetshausen.ch\/index.php?rest_route=\/wp\/v2\/pages\/2\/revisions"}],"predecessor-version":[{"id":81,"href":"https:\/\/sps-wernetshausen.ch\/index.php?rest_route=\/wp\/v2\/pages\/2\/revisions\/81"}],"wp:featuredmedia":[{"embeddable":true,"href":"https:\/\/sps-wernetshausen.ch\/index.php?rest_route=\/wp\/v2\/media\/70"}],"wp:attachment":[{"href":"https:\/\/sps-wernetshausen.ch\/index.php?rest_route=%2Fwp%2Fv2%2Fmedia&parent=2"}],"curies":[{"name":"wp","href":"https:\/\/api.w.org\/{rel}","templated":true}]}}