{"id":15,"date":"2023-04-23T14:46:50","date_gmt":"2023-04-23T14:46:50","guid":{"rendered":"https:\/\/sps-wernetshausen.ch\/?page_id=15"},"modified":"2025-04-21T11:02:40","modified_gmt":"2025-04-21T11:02:40","slug":"vermietung-schuetzenhaus","status":"publish","type":"page","link":"https:\/\/sps-wernetshausen.ch\/?page_id=15","title":{"rendered":"Vermietung Sch\u00fctzenhaus"},"content":{"rendered":"<iframe loading=\"lazy\" height=\"650px\" width=\"100%\" src=\"https:\/\/kalender.digital\/970df423909fb9019fc5?wp_iframe=true\" style=\"border:0\"><\/iframe>\n\n\n\n<p><\/p>\n\n\n\n<p class=\"has-black-color has-text-color has-link-color has-medium-font-size wp-elements-763410a0709501aaf0c4da6d7e6cf8c3\">Ein Fest feiern im Sch\u00fctzenhaus Wernetshausen<\/p>\n\n\n\n<p class=\"has-black-color has-text-color has-link-color has-medium-font-size wp-elements-dbb3f1b8c0a15298403f7f1434b6dfa2\">Wenn Sie zu Hause zu wenig Platz haben, um ein Fest zu feiern, w\u00e4re die Sch\u00fctzenstube im Sch\u00fctzenhaus Wernetshausen genau das Richtige. Es kann dies ein Geburtstag, Jubil\u00e4um oder ein Familienfest sein.<\/p>\n\n\n\n<p class=\"has-black-color has-text-color has-link-color has-medium-font-size wp-elements-1be9f164426c8960d66f7b18aacf90b5\">Das Sch\u00fctzenhaus geh\u00f6rt dem Sportsch\u00fctzenverein Wernetshausen und befindet sich an der Sackstrasse.<\/p>\n\n\n\n<p class=\"has-black-color has-text-color has-link-color has-medium-font-size wp-elements-bf8353edd5be91ac4a8f8dc09d77bd86\">Unsere Sch\u00fctzenstube hat eine sehr gute Infrastruktur, Platz f\u00fcr ca. 40-45 Personen, Grill Chemin\u00e8e und eine gut eingerichtete K\u00fcche. Am offenen Feuer l\u00e4sst sich sehr gem\u00fctlich zusammen sein. Es besteht auch die M\u00f6glichkeit bei sch\u00f6nem Wetter im Gr\u00fcnen zu feiern. Wir bieten die Vermietungen auch mit einem betreuten Luftgewehrschiessen in der sehr sch\u00f6nen Schiessanlage an. Diese ist mit 6 Zugscheiben ausger\u00fcstet und befindet sich im Dachgeschoss des Sch\u00fctzenhauses. Das k\u00f6nnte eine Bereicherung f\u00fcr Ihren Anlass sein wenn Sie das z.B. als einen kleinen Wettbewerb in Ihr Festprogramm einplanen m\u00f6chten.<\/p>\n\n\n\n<p class=\"has-black-color has-text-color has-link-color has-medium-font-size wp-elements-65efc64a53c6184a441f69255f3f39cc\">F\u00fcr Vermietungen und Ausk\u00fcnfte fragen Sie einfach die H\u00fcttenwartin K\u00e4thi Maag ( Tel. 076 548 46 11 )<\/p>\n\n\n\n<p class=\"has-black-color has-text-color has-link-color has-medium-font-size wp-elements-584c80a246299beb1422beb5879dd2c0\">Auch besteht die M\u00f6glichkeit an einem Schnupper- Schiessen, einem Jungsch\u00fctzenkurs (wenn gen\u00fcgend Interessierte) oder am j\u00e4hrlichen Volksschiessen teil zu nehmen. Vielleicht k\u00f6nnte das Luftgewehrschiessen zu einem neuen Hobby werden!<\/p>\n\n\n\n<p class=\"has-black-color has-text-color has-link-color has-medium-font-size wp-elements-b3a64b07bd5ba595df09e97c1c3e39b9\">F\u00fcr Interessierte am Schiessen gibt der Pr\u00e4sident Urs Wolfensberger (079 236 42 70) gerne Auskunft.<\/p>\n\n\n\n<figure class=\"wp-block-gallery has-nested-images columns-default is-cropped wp-block-gallery-1 is-layout-flex wp-block-gallery-is-layout-flex\">\n<figure class=\"wp-block-image size-large\"><img loading=\"lazy\" decoding=\"async\" width=\"1024\" height=\"768\" data-id=\"180\" src=\"https:\/\/sps-wernetshausen.ch\/wp-content\/uploads\/2025\/04\/IMG_6944-1024x768.jpg\" alt=\"\" class=\"wp-image-180\" srcset=\"https:\/\/sps-wernetshausen.ch\/wp-content\/uploads\/2025\/04\/IMG_6944-1024x768.jpg 1024w, https:\/\/sps-wernetshausen.ch\/wp-content\/uploads\/2025\/04\/IMG_6944-300x225.jpg 300w, https:\/\/sps-wernetshausen.ch\/wp-content\/uploads\/2025\/04\/IMG_6944-768x576.jpg 768w, https:\/\/sps-wernetshausen.ch\/wp-content\/uploads\/2025\/04\/IMG_6944-1536x1152.jpg 1536w, https:\/\/sps-wernetshausen.ch\/wp-content\/uploads\/2025\/04\/IMG_6944-2048x1536.jpg 2048w, https:\/\/sps-wernetshausen.ch\/wp-content\/uploads\/2025\/04\/IMG_6944-1440x1080.jpg 1440w\" sizes=\"auto, (max-width: 1024px) 100vw, 1024px\" \/><\/figure>\n\n\n\n<figure class=\"wp-block-image size-large\"><img loading=\"lazy\" decoding=\"async\" width=\"1024\" height=\"768\" data-id=\"181\" src=\"https:\/\/sps-wernetshausen.ch\/wp-content\/uploads\/2025\/04\/IMG_6945-1024x768.jpg\" alt=\"\" class=\"wp-image-181\" srcset=\"https:\/\/sps-wernetshausen.ch\/wp-content\/uploads\/2025\/04\/IMG_6945-1024x768.jpg 1024w, https:\/\/sps-wernetshausen.ch\/wp-content\/uploads\/2025\/04\/IMG_6945-300x225.jpg 300w, https:\/\/sps-wernetshausen.ch\/wp-content\/uploads\/2025\/04\/IMG_6945-768x576.jpg 768w, https:\/\/sps-wernetshausen.ch\/wp-content\/uploads\/2025\/04\/IMG_6945-1536x1152.jpg 1536w, https:\/\/sps-wernetshausen.ch\/wp-content\/uploads\/2025\/04\/IMG_6945-2048x1536.jpg 2048w, https:\/\/sps-wernetshausen.ch\/wp-content\/uploads\/2025\/04\/IMG_6945-1440x1080.jpg 1440w\" sizes=\"auto, (max-width: 1024px) 100vw, 1024px\" \/><\/figure>\n\n\n\n<figure class=\"wp-block-image size-large\"><img loading=\"lazy\" decoding=\"async\" width=\"1024\" height=\"768\" data-id=\"183\" src=\"https:\/\/sps-wernetshausen.ch\/wp-content\/uploads\/2025\/04\/IMG_6949-1024x768.jpg\" alt=\"\" class=\"wp-image-183\" srcset=\"https:\/\/sps-wernetshausen.ch\/wp-content\/uploads\/2025\/04\/IMG_6949-1024x768.jpg 1024w, https:\/\/sps-wernetshausen.ch\/wp-content\/uploads\/2025\/04\/IMG_6949-300x225.jpg 300w, https:\/\/sps-wernetshausen.ch\/wp-content\/uploads\/2025\/04\/IMG_6949-768x576.jpg 768w, https:\/\/sps-wernetshausen.ch\/wp-content\/uploads\/2025\/04\/IMG_6949-1536x1152.jpg 1536w, https:\/\/sps-wernetshausen.ch\/wp-content\/uploads\/2025\/04\/IMG_6949-2048x1536.jpg 2048w, https:\/\/sps-wernetshausen.ch\/wp-content\/uploads\/2025\/04\/IMG_6949-1440x1080.jpg 1440w\" sizes=\"auto, (max-width: 1024px) 100vw, 1024px\" \/><\/figure>\n\n\n\n<figure class=\"wp-block-image size-large\"><img loading=\"lazy\" decoding=\"async\" width=\"1024\" height=\"768\" data-id=\"182\" src=\"https:\/\/sps-wernetshausen.ch\/wp-content\/uploads\/2025\/04\/IMG_6947-1024x768.jpg\" alt=\"\" class=\"wp-image-182\" srcset=\"https:\/\/sps-wernetshausen.ch\/wp-content\/uploads\/2025\/04\/IMG_6947-1024x768.jpg 1024w, https:\/\/sps-wernetshausen.ch\/wp-content\/uploads\/2025\/04\/IMG_6947-300x225.jpg 300w, https:\/\/sps-wernetshausen.ch\/wp-content\/uploads\/2025\/04\/IMG_6947-768x576.jpg 768w, https:\/\/sps-wernetshausen.ch\/wp-content\/uploads\/2025\/04\/IMG_6947-1536x1152.jpg 1536w, https:\/\/sps-wernetshausen.ch\/wp-content\/uploads\/2025\/04\/IMG_6947-2048x1536.jpg 2048w, https:\/\/sps-wernetshausen.ch\/wp-content\/uploads\/2025\/04\/IMG_6947-1440x1080.jpg 1440w\" sizes=\"auto, (max-width: 1024px) 100vw, 1024px\" \/><\/figure>\n<\/figure>\n\n\n\n<figure class=\"wp-block-gallery has-nested-images columns-default is-cropped wp-block-gallery-2 is-layout-flex wp-block-gallery-is-layout-flex\">\n<figure class=\"wp-block-image size-large\"><img loading=\"lazy\" decoding=\"async\" width=\"800\" height=\"532\" data-id=\"63\" src=\"https:\/\/sps-wernetshausen.ch\/wp-content\/uploads\/2023\/04\/schuetzenhaus_1.jpg\" alt=\"\" class=\"wp-image-63\" srcset=\"https:\/\/sps-wernetshausen.ch\/wp-content\/uploads\/2023\/04\/schuetzenhaus_1.jpg 800w, https:\/\/sps-wernetshausen.ch\/wp-content\/uploads\/2023\/04\/schuetzenhaus_1-300x200.jpg 300w, https:\/\/sps-wernetshausen.ch\/wp-content\/uploads\/2023\/04\/schuetzenhaus_1-768x511.jpg 768w\" sizes=\"auto, (max-width: 800px) 100vw, 800px\" \/><\/figure>\n\n\n\n<figure class=\"wp-block-image size-large\"><img loading=\"lazy\" decoding=\"async\" width=\"800\" height=\"600\" data-id=\"64\" src=\"https:\/\/sps-wernetshausen.ch\/wp-content\/uploads\/2023\/04\/schuetzenhaus_2.jpg\" alt=\"\" class=\"wp-image-64\" srcset=\"https:\/\/sps-wernetshausen.ch\/wp-content\/uploads\/2023\/04\/schuetzenhaus_2.jpg 800w, https:\/\/sps-wernetshausen.ch\/wp-content\/uploads\/2023\/04\/schuetzenhaus_2-300x225.jpg 300w, https:\/\/sps-wernetshausen.ch\/wp-content\/uploads\/2023\/04\/schuetzenhaus_2-768x576.jpg 768w\" sizes=\"auto, (max-width: 800px) 100vw, 800px\" \/><\/figure>\n\n\n\n<figure class=\"wp-block-image size-large\"><img loading=\"lazy\" decoding=\"async\" width=\"800\" height=\"600\" data-id=\"65\" src=\"https:\/\/sps-wernetshausen.ch\/wp-content\/uploads\/2023\/04\/schuetzenhaus_3.jpg\" alt=\"\" class=\"wp-image-65\" srcset=\"https:\/\/sps-wernetshausen.ch\/wp-content\/uploads\/2023\/04\/schuetzenhaus_3.jpg 800w, https:\/\/sps-wernetshausen.ch\/wp-content\/uploads\/2023\/04\/schuetzenhaus_3-300x225.jpg 300w, https:\/\/sps-wernetshausen.ch\/wp-content\/uploads\/2023\/04\/schuetzenhaus_3-768x576.jpg 768w\" sizes=\"auto, (max-width: 800px) 100vw, 800px\" \/><\/figure>\n<\/figure>\n\n\n\n<p><\/p>\n\n\n\n<p class=\"has-black-color has-text-color has-link-color wp-elements-bd63f24b2bf7d6a695345f672aea909e\"><strong>Vertragsbestimmungen<\/strong><br>Die Reservation ist definitiv nach Bezahlung des Mietpreises.<\/p>\n\n\n\n<ul class=\"wp-block-list\">\n<li>Der Vertrag gilt als Quittung.<\/li>\n\n\n\n<li>Der Mieter befolgt die Haus- und Parkordnung.<\/li>\n\n\n\n<li>Der Mieter haftet f\u00fcr entstandene Sch\u00e4den und meldet dies der Hauswartung.<\/li>\n\n\n\n<li>Der Mieter \u00fcbergibt nach der Ben\u00fctzung das Mietobjekt im gereinigten Zustand.<\/li>\n\n\n\n<li>Nach der Abnahme der Hauswartung erfolgt die R\u00fcckzahlung des Depotgeldes.<\/li>\n\n\n\n<li>Wird das Mietobjekt zum reservierten Zeitpunkt nicht benutzt, wird nur das Depotgeld zur\u00fcckbezahlt.<\/li>\n\n\n\n<li><strong>Der Mieter ist verantwortlich f\u00fcr die Einhaltung der Nachtruhe ab 22:00 Uhr.<\/strong> Musik und jeglicher L\u00e4rm ausserhalb des Sch\u00fctzenhauses sind verboten (Fenster m\u00fcssen geschlossen bleiben). Beim Verlassen des Hauses nach der Veranstaltung und auf dem Fussweg zur Mehrzweckhalle ist die Nachtruhe ebenfalls strikte einzuhalten (Wohngebiet). Bei eingehenden L\u00e4rmklagen an die Hauswartung bis zur R\u00fcckgabe durch den Mieter, wird das L\u00e4rm-Depot behalten und einem wohlt\u00e4tigen Zweck zugewendet. Es muss damit gerechnet werden, dass die Nachbarn bei Nachtruhest\u00f6rung die Polizei anvisieren.<\/li>\n\n\n\n<li>Es ist verboten, Finnenkerzen, offene Feuer sowie Feuerwerk beim Sch\u00fctzenhaus zu entz\u00fcnden: Brandgefahr.<\/li>\n\n\n\n<li>Die Parkpl\u00e4tze sind ausschliesslich bei der Mehrzweckhalle Wernetshausen zu benutzen.&nbsp; <strong>(3 Autos sind beim Sch\u00fctzenhaus erlaubt)<\/strong>.<\/li>\n\n\n\n<li>Der Abfall muss vollumf\u00e4nglich vom Mieter entsorgt werden.<br><br><br><strong>Preis: CHF 250 Mietkosten<\/strong><\/li>\n\n\n\n<li>Reinigungsdepot: CHF 50<\/li>\n\n\n\n<li>L\u00e4rmdepot: CHF 100<\/li>\n\n\n\n<li>Kaffeemaschine-Ben\u00fctzung: CHF 20<br><\/li>\n<\/ul>\n\n\n\n<div class=\"wp-block-file\"><a id=\"wp-block-file--media-bde3fd48-31a6-48b1-9996-c27c91c92d43\" href=\"https:\/\/sps-wernetshausen.ch\/wp-content\/uploads\/2025\/04\/Mietvertrag-der-Schuetzenstube.docx\">Mietvertrag-der-Schuetzenstube<\/a><a href=\"https:\/\/sps-wernetshausen.ch\/wp-content\/uploads\/2025\/04\/Mietvertrag-der-Schuetzenstube.docx\" class=\"wp-block-file__button wp-element-button\" download aria-describedby=\"wp-block-file--media-bde3fd48-31a6-48b1-9996-c27c91c92d43\">Herunterladen<\/a><\/div>\n","protected":false},"excerpt":{"rendered":"<p>Ein Fest feiern im Sch\u00fctzenhaus Wernetshausen Wenn Sie zu Hause zu wenig Platz haben, um ein Fest zu feiern, w\u00e4re die Sch\u00fctzenstube im Sch\u00fctzenhaus Wernetshausen genau das Richtige. Es kann dies ein Geburtstag, Jubil\u00e4um oder ein Familienfest sein. Das Sch\u00fctzenhaus geh\u00f6rt dem Sportsch\u00fctzenverein Wernetshausen und befindet sich an der Sackstrasse. Unsere Sch\u00fctzenstube hat eine sehr&hellip; <br \/> <a class=\"read-more\" href=\"https:\/\/sps-wernetshausen.ch\/?page_id=15\">Weiterlesen<\/a><\/p>\n","protected":false},"author":2,"featured_media":69,"parent":0,"menu_order":0,"comment_status":"closed","ping_status":"closed","template":"","meta":{"footnotes":""},"class_list":["post-15","page","type-page","status-publish","has-post-thumbnail","hentry"],"jetpack_sharing_enabled":true,"_links":{"self":[{"href":"https:\/\/sps-wernetshausen.ch\/index.php?rest_route=\/wp\/v2\/pages\/15","targetHints":{"allow":["GET"]}}],"collection":[{"href":"https:\/\/sps-wernetshausen.ch\/index.php?rest_route=\/wp\/v2\/pages"}],"about":[{"href":"https:\/\/sps-wernetshausen.ch\/index.php?rest_route=\/wp\/v2\/types\/page"}],"author":[{"embeddable":true,"href":"https:\/\/sps-wernetshausen.ch\/index.php?rest_route=\/wp\/v2\/users\/2"}],"replies":[{"embeddable":true,"href":"https:\/\/sps-wernetshausen.ch\/index.php?rest_route=%2Fwp%2Fv2%2Fcomments&post=15"}],"version-history":[{"count":17,"href":"https:\/\/sps-wernetshausen.ch\/index.php?rest_route=\/wp\/v2\/pages\/15\/revisions"}],"predecessor-version":[{"id":185,"href":"https:\/\/sps-wernetshausen.ch\/index.php?rest_route=\/wp\/v2\/pages\/15\/revisions\/185"}],"wp:featuredmedia":[{"embeddable":true,"href":"https:\/\/sps-wernetshausen.ch\/index.php?rest_route=\/wp\/v2\/media\/69"}],"wp:attachment":[{"href":"https:\/\/sps-wernetshausen.ch\/index.php?rest_route=%2Fwp%2Fv2%2Fmedia&parent=15"}],"curies":[{"name":"wp","href":"https:\/\/api.w.org\/{rel}","templated":true}]}}